{"id":2,"date":"2024-09-15T18:07:11","date_gmt":"2024-09-15T16:07:11","guid":{"rendered":"http:\/\/akcjaedukacja.cityschool.pl\/?page_id=2"},"modified":"2025-04-11T14:13:14","modified_gmt":"2025-04-11T12:13:14","slug":"przykladowa-strona","status":"publish","type":"page","link":"http:\/\/akcjaedukacja.cityschool.pl\/","title":{"rendered":"O PROJEKCIE"},"content":{"rendered":"\n<p class=\"has-accent-4-color has-cyan-bluish-gray-background-color has-text-color has-background has-link-color has-large-font-size wp-elements-a88ef57df3d57206c41938bc9fc447b8\"><strong>Firma Cityschool Sp. z o.o. (Lider) wraz z Studio Szkole\u0144 i Doradztwa HR &amp; Biznes Aneta Iwanowska (Partner) zaprasza do udzia\u0142u w projekcie pn.<\/strong><strong>,,Akcja: edukacja\u2019\u2019&nbsp; FEWM.06.05-IZ.00-0051\/23<\/strong><\/p>\n\n\n\n<p><strong><u>Do projektu zapraszamy:<\/u><\/strong><\/p>\n\n\n\n<ul class=\"wp-block-list\">\n<li>osoby, kt\u00f3re s\u0105 powy\u017cej 25 roku \u017cycia,<\/li>\n\n\n\n<li>osoby o niskich umiej\u0119tno\u015bciach podstawowych, odpowiadaj\u0105cych poziomowi nie wy\u017cszemu ni\u017c 3 poziom Polskiej Ramy Kwalifikacji;<\/li>\n\n\n\n<li>ucz\u0105ce si\u0119, pracuj\u0105ce lub zamieszkuj\u0105ce w rozumieniu przepis\u00f3w Kodeksu Cywilnego na obszarze Warmii i Mazur, w powiatach: k\u0119trzy\u0144ski(w tym K\u0119trzyn), w\u0119gorzewski (w tym W\u0119gorzewo), go\u0142dapski (w tym Go\u0142dap), bartoszycki (w tym Bartoszyce), braniewski (w tym Braniewo), gi\u017cycki (w tym Gi\u017cycko), olecki (w tym Olecko), mr\u0105gowski (w tym Mr\u0105gowo), piski (w tym Pisz), e\u0142cki (w tym E\u0142k), szczycie\u0144ski (w tym Szczytno), olszty\u0144ski, Miasto Olsztyn, elbl\u0105ski (w tym Elbl\u0105g), ostr\u00f3dzki (w tym Ostr\u00f3da), i\u0142awski (w tym I\u0142awa), nowomiejski (Nowe Miasto Lubawskie), dzia\u0142dowski (w ty Dzia\u0142dowo), nidzicki (w tym Nidzica), lidzbarski (w tym Lidzbark).<\/li>\n\n\n\n<li>znajduj\u0105ce si\u0119 w trudnej sytuacji (do\u015bwiadczaj\u0105cych ub\u00f3stwa, wykluczenia spo\u0142ecznego, dyskryminacji w wielu wymiarach lub zagro\u017cone takimi zjawiskami). Na obszarze realizacji projektu zidentyfikowano trzy grupy w szczeg\u00f3lnie trudnej sytuacji: osoby w wieku 50+, osoby z niepe\u0142nosprawno\u015bciami oraz osoby zamieszkuj\u0105ce powiaty pogranicza;<\/li>\n\n\n\n<li>z w\u0142asnej inicjatywy chc\u0105cych podnosi\u0107, uzupe\u0142nia\u0107 umiej\u0119tno\u015bci i kompetencje.<\/li>\n<\/ul>\n\n\n\n<p><strong>Preferowane grupy wsparcia to w szczeg\u00f3lno\u015bci:<\/strong><\/p>\n\n\n\n<ul class=\"wp-block-list\">\n<li>osoby w wieku 50+;<\/li>\n\n\n\n<li>osoby z niepe\u0142nosprawno\u015bci\u0105;<\/li>\n\n\n\n<li>osoby zamieszkuj\u0105ce powiaty pogranicza (powiat braniewski, bartoszycki, k\u0119trzy\u0144ski, w\u0119gorzewski, go\u0142dapski).<\/li>\n<\/ul>\n\n\n\n<p><strong>Cel:<\/strong> <\/p>\n\n\n\n<p>Celem projektu jest nabycie\/podniesienie kompetencji spo\u0142ecznych i kompetencji\/kwalifikacji cyfrowych poprzez tr\u00f3jstopniow\u0105 \u015bcie\u017ck\u0119 wsparcia dla ka\u017cdego Uczestnika\/-czki Projektu, obejmuj\u0105c\u0105: ocen\u0119 posiadanych umiej\u0119tno\u015bci, wsparcie edukacyjne zgodne z wynikami audytu umiej\u0119tno\u015bci oraz walidacj\u0119 nabytych umiej\u0119tno\u015bci.<\/p>\n\n\n\n<p><strong>Zaplanowane zadania w ramach projektu:<\/strong><\/p>\n\n\n\n<ul class=\"wp-block-list\">\n<li>Ocena umiej\u0119tno\u015bci (w wymiarze 2 godzin&nbsp; z doradc\u0105\/-czyni\u0105 zawodowym\/-\u0105, 4 godzin z mentorem\/-k\u0105);<\/li>\n\n\n\n<li>Wsparcie edukacyjne z zakresu kompetencji spo\u0142ecznych (w wymiarze 40 godzin);<\/li>\n\n\n\n<li>Walidacja po szkoleniu kompetencji spo\u0142ecznych;<\/li>\n\n\n\n<li>Wsparcie edukacyjne z zakresu kompetencji\/kwalifikacji cyfrowych (w wymiarze 120 godzin);<\/li>\n\n\n\n<li>Walidacja po szkoleniu kompetencji\/kwalifikacji cyfrowych;<\/li>\n<\/ul>\n\n\n\n<p><strong>G\u0142\u00f3wne efekty\/rezultaty projektu:<\/strong><\/p>\n\n\n\n<ul class=\"wp-block-list\">\n<li>Liczba os\u00f3b, kt\u00f3re uzyska\u0142y kwalifikacje po opuszczeniu programu \u2013 <strong>72 os. (44K, 28M);<\/strong><\/li>\n\n\n\n<li>Liczba os\u00f3b, kt\u00f3re uzyska\u0142y zielone kwalifikacje po opuszczeniu programu \u2013 <strong>72 os. (44K, 28M);<\/strong><\/li>\n\n\n\n<li>Liczba os\u00f3b, kt\u00f3re uzyska\u0142y kwalifikacje cyfrowe po opuszczeniu programu \u2013 <strong>72 os. ( 44K, 28M);<\/strong><\/li>\n\n\n\n<li>Liczba os\u00f3b, kt\u00f3re uko\u0144czy\u0142y trzystopniow\u0105 \u015bcie\u017ck\u0119 wsparcia \u2013 <strong>72 os. (44K, 28M);<\/strong><\/li>\n\n\n\n<li>Liczba os\u00f3b z niepe\u0142nosprawno\u015bciami obj\u0119tych wsparciem w programie \u2013 <strong>8 os. (5K, 3 M).<\/strong><\/li>\n<\/ul>\n\n\n\n<div class=\"wp-block-group is-nowrap is-layout-flex wp-container-core-group-is-layout-ad2f72ca wp-block-group-is-layout-flex\">\n<p class=\"has-contrast-color has-cyan-bluish-gray-background-color has-text-color has-background has-link-color has-small-font-size wp-elements-14a61a4ae1088dec637ac579a29a1fa1\"><strong>CA\u0141KOWITA WARTO\u015a\u0106 PROJEKTU: 748&nbsp;000,00 z\u0142<\/strong><\/p>\n\n\n\n<p class=\"has-contrast-color has-cyan-bluish-gray-background-color has-text-color has-background has-link-color has-small-font-size wp-elements-997249bd581ef2bf53dbf6365c33ae92\"><strong>WARTO\u015a\u0106 DOFINANSOWANIA: 710&nbsp;600, 00 z\u0142<\/strong><\/p>\n<\/div>\n\n\n\n<ul class=\"wp-block-list\">\n<li>Finansowanie UE w kwocie: 635 800,00 z\u0142<\/li>\n\n\n\n<li>Wsp\u00f3\u0142finansowanie krajowe z bud\u017cetu pa\u0144stwa w kwocie: 74 800,00 z\u0142<\/li>\n<\/ul>\n\n\n\n<p><a href=\"http:\/\/www.mapadotacji.gov.pl\"><strong>www.mapadotacji.gov.pl<\/strong><\/a><\/p>\n\n\n\n<p><a href=\"https:\/\/www.facebook.com\/hashtag\/funduszeeuropejskie?__eep__=6&amp;__cft__[0]=AZVYHE3GJgEvT44hhQ15go7Ec6Bu30_UDz12R0iganqsEmDA05gsX3uqsNOscoowT3h4WS-Cel8UvWonD7NKmgBZK3k2on0gDdKzhPTESyd4PNiO7z14NQUsVD1oYBfHyPsTPSZY-tyY4cVBmTao1wO76OaXAUi19pW1alijA2Owq__auiBxvtcuqVSYZs4r0h0&amp;__tn__=*NK-R\">#FunduszeEuropejskie<\/a> <a href=\"https:\/\/www.facebook.com\/hashtag\/funduszeue?__eep__=6&amp;__cft__[0]=AZVYHE3GJgEvT44hhQ15go7Ec6Bu30_UDz12R0iganqsEmDA05gsX3uqsNOscoowT3h4WS-Cel8UvWonD7NKmgBZK3k2on0gDdKzhPTESyd4PNiO7z14NQUsVD1oYBfHyPsTPSZY-tyY4cVBmTao1wO76OaXAUi19pW1alijA2Owq__auiBxvtcuqVSYZs4r0h0&amp;__tn__=*NK-R\">#FunduszeUE<\/a><\/p>\n","protected":false},"excerpt":{"rendered":"<p>Firma Cityschool Sp. z o.o. (Lider) wraz z Studio Szkole\u0144 i Doradztwa HR &amp; Biznes Aneta Iwanowska (Partner) zaprasza do udzia\u0142u w projekcie pn.,,Akcja: edukacja\u2019\u2019&nbsp; FEWM.06.05-IZ.00-0051\/23 Do projektu zapraszamy: Preferowane grupy wsparcia to w szczeg\u00f3lno\u015bci: Cel: Celem projektu jest nabycie\/podniesienie kompetencji spo\u0142ecznych i kompetencji\/kwalifikacji cyfrowych poprzez tr\u00f3jstopniow\u0105 \u015bcie\u017ck\u0119 wsparcia dla ka\u017cdego Uczestnika\/-czki Projektu, obejmuj\u0105c\u0105: ocen\u0119 &hellip; <\/p>\n","protected":false},"author":1,"featured_media":0,"parent":0,"menu_order":0,"comment_status":"closed","ping_status":"open","template":"","meta":{"footnotes":""},"class_list":["post-2","page","type-page","status-publish","hentry","latest_post"],"_links":{"self":[{"href":"http:\/\/akcjaedukacja.cityschool.pl\/index.php?rest_route=\/wp\/v2\/pages\/2","targetHints":{"allow":["GET"]}}],"collection":[{"href":"http:\/\/akcjaedukacja.cityschool.pl\/index.php?rest_route=\/wp\/v2\/pages"}],"about":[{"href":"http:\/\/akcjaedukacja.cityschool.pl\/index.php?rest_route=\/wp\/v2\/types\/page"}],"author":[{"embeddable":true,"href":"http:\/\/akcjaedukacja.cityschool.pl\/index.php?rest_route=\/wp\/v2\/users\/1"}],"replies":[{"embeddable":true,"href":"http:\/\/akcjaedukacja.cityschool.pl\/index.php?rest_route=%2Fwp%2Fv2%2Fcomments&post=2"}],"version-history":[{"count":7,"href":"http:\/\/akcjaedukacja.cityschool.pl\/index.php?rest_route=\/wp\/v2\/pages\/2\/revisions"}],"predecessor-version":[{"id":122,"href":"http:\/\/akcjaedukacja.cityschool.pl\/index.php?rest_route=\/wp\/v2\/pages\/2\/revisions\/122"}],"wp:attachment":[{"href":"http:\/\/akcjaedukacja.cityschool.pl\/index.php?rest_route=%2Fwp%2Fv2%2Fmedia&parent=2"}],"curies":[{"name":"wp","href":"https:\/\/api.w.org\/{rel}","templated":true}]}}